{"id":2100,"date":"2016-10-11T03:34:01","date_gmt":"2016-10-11T03:34:01","guid":{"rendered":"https:\/\/www.abcboats.com\/dev\/product\/day-hire-boat\/"},"modified":"2018-11-29T08:57:34","modified_gmt":"2018-11-29T08:57:34","slug":"tagesmietboot","status":"publish","type":"product","link":"https:\/\/www.abcboats.com\/dev\/de\/produkt\/tagesmietboot\/","title":{"rendered":"Tagesmietboot"},"content":{"rendered":"<\/div><\/div><\/div><!-- close content main div --><\/div><\/div><div id='full_slider_1' class='avia-fullwidth-slider main_color avia-shadow  container_wrap sidebar_right'   ><div  data-size='featured'  data-lightbox_size='large'  data-animation='fade'  data-ids='588'  data-video_counter='0'  data-autoplay='true'  data-bg_slider='false'  data-slide_height=''  data-handle='av_slideshow_full'  data-interval='5'  data-class=' '  data-css_id=''  data-scroll_down=''  data-control_layout='av-control-minimal'  data-custom_markup=''  data-perma_caption=''  data-autoplay_stopper=''  data-src=''  data-position='top left'  data-repeat='no-repeat'  data-attach='scroll'  data-stretch=''  data-default-height='28.666666666667'  class='avia-slideshow avia-slideshow-1  av-control-minimal av-default-height-applied avia-slideshow-featured av_slideshow_full   avia-fade-slider '  itemscope=\"itemscope\" itemtype=\"https:\/\/schema.org\/ImageObject\" ><ul class='avia-slideshow-inner' style='padding-bottom: 67.1875%;'><li  class=' av-single-slide slide-1 ' ><div data-rel='slideshow-1' class='avia-slide-wrap'  ><div class = \"caption_fullwidth av-slideshow-caption caption_left\"><div class = \"container caption_container\"><div class = \"slideshow_caption\"><div class = \"slideshow_inner_caption\"><div class = \"slideshow_align_caption\"><h2  style='font-size:70px; ' class='avia-caption-title'  itemprop=\"name\" >Belturbet Day Boat Hire<\/h2><div class='avia-caption-content av_inherit_color'  itemprop=\"description\"   style='font-size:28px; '><h6>Verf\u00fcgbar ab Belturbet<\/h6>\n<\/div><\/div><\/div><\/div><\/div><\/div><img src='https:\/\/www.abcboats.com\/dev\/wp-content\/uploads\/2011\/03\/Belturbet-Cavan-Boat-Hire-640x430.png' width='640' height='430' title='belturbet-cavan-boat-hire' alt=''  itemprop=\"contentURL\"  \/><div class='av-section-color-overlay' style='opacity: 0.3; background-color: #000000; '><\/div><\/div><\/li><\/ul><\/div><\/div>\n<\/div><\/div><\/div><!-- close content main div --><\/div><\/div><div id='description' class='av-layout-grid-container entry-content-wrapper main_color av-flex-cells  container_wrap sidebar_right'   >\n<div class=\"flex_cell no_margin av_one_half   \" style='vertical-align:top; padding:50px; '><div class='flex_cell_inner' ><section class=\"av_textblock_section\"  itemscope=\"itemscope\" itemtype=\"https:\/\/schema.org\/CreativeWork\" ><div class='avia_textblock '   itemprop=\"text\" ><h4>Mieten Sie doch einmal eines unserer Tageausflugsboote ab unserer Belturbet-Marina<\/h4>\n<p>Kreuzen Sie in sicheren Fahrwassern im Bereich der Erne-Seen, Finn- und Woodford-River. Besuchen Sie das historische Crom Estate oder Castle Saunderson oder genie\u00dfen Sie den Shannon-Erne-Waterway bis Ballyconnell. Buchbar ab Mitte M\u00e4rz bis Ende Oktober.<\/p>\n<p>Die Boote sind geeignet f\u00fcr bis zu 8 Personen. Eine vollst\u00e4ndige Einweisung, Sicherheitsausr\u00fcstung und ein voller Tank sind inklusive.<\/p>\n<p>Ganz-Tagesmiete von 9 Uhr &#8211; 17 Uhr : \u20ac100<br \/>\nHalb-Tagesmiete von 9 Uhr &#8211; 13 Uhr oder von 13 Uhr \u2013 17 Uhr : 70\u20ac<\/p>\n<p>Keine Vorabreservierung notwendig \u2013 einfach Sean kontaktieren; Tel: 00353 (0) 868 219 838<\/p>\n<\/div><\/section>\n<\/div><\/div><div class=\"flex_cell no_margin av_one_half   \" style='vertical-align:top; padding:50px; background-color:#fcfcfc; '><div class='flex_cell_inner' ><p><div style='padding-bottom:20px;' class='av-special-heading av-special-heading-h3    '><h3 class='av-special-heading-tag'  itemprop=\"headline\"  >Bootsgr\u00f6\u00dfe<\/h3><div class='special-heading-border'><div class='special-heading-inner-border' ><\/div><\/div><\/div><br \/>\n<section class=\"av_textblock_section\"  itemscope=\"itemscope\" itemtype=\"https:\/\/schema.org\/CreativeWork\" ><div class='avia_textblock '   itemprop=\"text\" >\n        <div class=\"icons icons-shortcode\">\n          <ul>\n             <li class=\"icon\"><img  src=\"https:\/\/www.abcboats.com\/dev\/wp-content\/themes\/enfold-child\/images\/guest.png\"><br\/>8 Personen<br\/><\/li><li class=\"special\"><p>Sicherheitsausr\u00fcstung<br \/>\nVoller Tank<br \/>\nEinweisung<\/p>\n<\/li>\n          <\/ul>\n        <\/div>      \n    \n<\/div><\/section><br \/>\n<div class='avia-button-wrap avia-button-center '><a href='https:\/\/www.abcboats.com\/dev\/de\/about\/' class='avia-button  avia-icon_select-no avia-color-theme-color avia-size-medium avia-position-center '   ><span class='avia_iconbox_title' >Anfrage<\/span><\/a><\/div><\/p>\n<\/div><\/div><\/div><\/div><\/div><\/div><!-- close content main div --><\/div><\/div><div id='av-layout-grid-2' class='av-layout-grid-container entry-content-wrapper main_color av-flex-cells  container_wrap sidebar_right'   >\n<div class=\"flex_cell no_margin av_one_full   \" style='vertical-align:middle; padding:50px; background-color:#db4a4c; '><div class='flex_cell_inner' ><p><div style='padding-bottom:10px;color:#ffffff;' class='av-special-heading av-special-heading-h5 custom-color-heading blockquote modern-quote modern-centered  '><h5 class='av-special-heading-tag'  itemprop=\"headline\"  >Belturbet<\/h5><div class='special-heading-border'><div class='special-heading-inner-border' style='border-color:#ffffff'><\/div><\/div><\/div><br \/>\n<div class='avia-icon-list-container '><ul class='avia-icon-list avia-icon-list-left av-iconlist-small avia_animate_when_almost_visible'>\n<li><div  style='color:#ffffff; ' class='iconlist_icon avia-font-entypo-fontello'><span class='iconlist-char' aria-hidden='true' data-av_icon='\ue842' data-av_iconfont='entypo-fontello'><\/span><\/div><article class=\"article-icon-entry \"  itemscope=\"itemscope\" itemtype=\"https:\/\/schema.org\/CreativeWork\" ><div class='iconlist_content_wrap'><header class=\"entry-content-header\"><div class='iconlist_title_small'  itemprop=\"headline\"   style='color:#ffffff; '>Belturbet<\/div><\/header><div class='iconlist_content av_inherit_color'  itemprop=\"text\"   style='color:#ffffff; '><p>The Marina<br \/>\nCo. Cavan<br \/>\nIreland<\/p>\n<\/div><\/div><footer class=\"entry-footer\"><\/footer><\/article><div class='iconlist-timeline'><\/div><\/li>\n<li><div  style='color:#ffffff; ' class='iconlist_icon avia-font-entypo-fontello'><span class='iconlist-char' aria-hidden='true' data-av_icon='\ue854' data-av_iconfont='entypo-fontello'><\/span><\/div><article class=\"article-icon-entry av-iconlist-empty\"  itemscope=\"itemscope\" itemtype=\"https:\/\/schema.org\/CreativeWork\" ><div class='iconlist_content_wrap'><header class=\"entry-content-header\"><div class='iconlist_title_small'  itemprop=\"headline\"   style='color:#ffffff; '>T: +353 (0) 49 952 4775<\/div><\/header><div class='iconlist_content av_inherit_color'  itemprop=\"text\"   style='color:#ffffff; '><\/div><\/div><footer class=\"entry-footer\"><\/footer><\/article><div class='iconlist-timeline'><\/div><\/li>\n<\/ul><\/div><br \/>\n<div class=\"flex_column av_one_full  flex_column_div av-zero-column-padding first  \" style='border-radius:0px; '><div id='av_gmap_1' class='avia-google-map-container' data-mapid='1' style='height: 400px;'><\/div><\/div><\/p>\n<\/div><\/div>\n<\/div><\/p>\n<\/div><\/div><\/div><!-- close content main div --><\/div><\/div><div id='av_section_1' class='avia-section main_color avia-section-default avia-no-shadow avia-bg-style-scroll  container_wrap sidebar_right'   ><div class='container' ><div class='template-page content  av-content-small alpha units'><div class='post-entry post-entry-type-page post-entry-2100'><div class='entry-content-wrapper clearfix'>\n<div class='avia-button-wrap avia-button-center '><a href='#extra' class='avia-button  avia-icon_select-no avia-color-theme-color avia-size-medium avia-position-center '   ><span class='avia_iconbox_title' >Bestellung<\/span><\/a><\/div>\n<\/div><\/div><\/div><!-- close content main div --><\/div><\/div><div id='after_section_1' class='main_color av_default_container_wrap container_wrap sidebar_right'   ><div class='container' ><div class='template-page content  av-content-small alpha units'><div class='post-entry post-entry-type-page post-entry-2100'><div class='entry-content-wrapper clearfix'>\n","protected":false},"excerpt":{"rendered":"<p>Ausflugsboote als Tagesboote zum Selberfahren ab Belturbet. Besuchen Sie Ballyconnell entlang des Shannon-Erne-Waterway.<\/p>\n","protected":false},"featured_media":1884,"comment_status":"open","ping_status":"closed","template":"","meta":{"_mi_skip_tracking":false,"_monsterinsights_sitenote_active":false,"_monsterinsights_sitenote_note":"","_monsterinsights_sitenote_category":0},"product_cat":[92],"product_tag":[94],"acf":[],"_links":{"self":[{"href":"https:\/\/www.abcboats.com\/dev\/de\/wp-json\/wp\/v2\/product\/2100"}],"collection":[{"href":"https:\/\/www.abcboats.com\/dev\/de\/wp-json\/wp\/v2\/product"}],"about":[{"href":"https:\/\/www.abcboats.com\/dev\/de\/wp-json\/wp\/v2\/types\/product"}],"replies":[{"embeddable":true,"href":"https:\/\/www.abcboats.com\/dev\/de\/wp-json\/wp\/v2\/comments?post=2100"}],"wp:featuredmedia":[{"embeddable":true,"href":"https:\/\/www.abcboats.com\/dev\/de\/wp-json\/wp\/v2\/media\/1884"}],"wp:attachment":[{"href":"https:\/\/www.abcboats.com\/dev\/de\/wp-json\/wp\/v2\/media?parent=2100"}],"wp:term":[{"taxonomy":"product_cat","embeddable":true,"href":"https:\/\/www.abcboats.com\/dev\/de\/wp-json\/wp\/v2\/product_cat?post=2100"},{"taxonomy":"product_tag","embeddable":true,"href":"https:\/\/www.abcboats.com\/dev\/de\/wp-json\/wp\/v2\/product_tag?post=2100"}],"curies":[{"name":"wp","href":"https:\/\/api.w.org\/{rel}","templated":true}]}}