{"id":1820,"date":"2016-11-15T10:04:24","date_gmt":"2016-11-15T10:04:24","guid":{"rendered":"https:\/\/www.abcboats.com\/dev\/faq\/"},"modified":"2018-01-31T03:14:19","modified_gmt":"2018-01-31T03:14:19","slug":"faq","status":"publish","type":"page","link":"https:\/\/www.abcboats.com\/dev\/de\/faq\/","title":{"rendered":"FAQ"},"content":{"rendered":"<\/div><\/div><\/div><!-- close content main div --><\/div><\/div><div id='av_section_1' class='avia-section main_color avia-section-huge avia-no-shadow avia-full-stretch avia-bg-style-scroll  container_wrap sidebar_right' style = 'background-repeat: no-repeat; background-image: url(https:\/\/www.abcboats.com\/dev\/wp-content\/uploads\/2016\/11\/banner-boat-sale-ireland-1500x333.jpg); background-attachment: scroll; background-position: center center; ' data-section-bg-repeat='stretch' ><div class='container' ><div class='template-page content  av-content-small alpha units'><div class='post-entry post-entry-type-page post-entry-1820'><div class='entry-content-wrapper clearfix'>\n<div style='padding-bottom:10px;color:#ffffff;font-size:70px;' class='av-special-heading av-special-heading-h1 custom-color-heading blockquote modern-quote modern-centered  av-inherit-size'><h1 class='av-special-heading-tag'  itemprop=\"headline\"  >FAQ<\/h1><div class='special-heading-border'><div class='special-heading-inner-border' style='border-color:#ffffff'><\/div><\/div><\/div>\n<\/div><\/div><\/div><!-- close content main div --><\/div><\/div><div id='after_section_1' class='main_color av_default_container_wrap container_wrap sidebar_right'   ><div class='container' ><div class='template-page content  av-content-small alpha units'><div class='post-entry post-entry-type-page post-entry-1820'><div class='entry-content-wrapper clearfix'>\n<\/div><\/div><\/div><!-- close content main div --><\/div><\/div><div id='section-question' class='avia-section main_color avia-section-default avia-no-shadow avia-bg-style-scroll  container_wrap sidebar_right'   ><div class='container' ><div class='template-page content  av-content-small alpha units'><div class='post-entry post-entry-type-page post-entry-1820'><div class='entry-content-wrapper clearfix'>\n<section class=\"av_textblock_section\"  itemscope=\"itemscope\" itemtype=\"https:\/\/schema.org\/CreativeWork\" ><div class='avia_textblock '   itemprop=\"text\" ><p>Im folgenden eine Auswahl der h\u00e4ufigsten Fragen. Sofern Ihre Frage nicht gelistet ist, <a href=\"https:\/\/www.abcboats.com\/dev\/contact\/\">sprechen Sie uns<\/a> an und wir freuen uns Ihnen zu antworten.<\/p>\n<\/div><\/section>\n<div class=\"togglecontainer toggle_close_all \">\n<section class=\"av_toggle_section\"  itemscope=\"itemscope\" itemtype=\"https:\/\/schema.org\/CreativeWork\" >    <div class=\"single_toggle\" data-tags=\"{Alle} \" >        <p data-fake-id=\"#toggle-id-1\" class=\"toggler \"  itemprop=\"headline\" > Muss ich Boots-Erfahrung haben?<span class=\"toggle_icon\">        <span class=\"vert_icon\"><\/span><span class=\"hor_icon\"><\/span><\/span><\/p>        <div id=\"toggle-id-1-container\" class=\"toggle_wrap \" >            <div class=\"toggle_content invers-color\"  itemprop=\"text\" ><p>Nein, um unsere Boote zu mieten und zu fahren sind keine Lizenzen und kein Bootsf\u00fchrerschein notwendig. Alle unsere Kunden erhalten eine umfassende Einweisung vor dem Verlassen der Marina.<\/p>\n            <\/div>        <\/div>    <\/div><\/section>\n<section class=\"av_toggle_section\"  itemscope=\"itemscope\" itemtype=\"https:\/\/schema.org\/CreativeWork\" >    <div class=\"single_toggle\" data-tags=\"{Alle} \" >        <p data-fake-id=\"#toggle-id-2\" class=\"toggler \"  itemprop=\"headline\" >Gibt es ein Mindestalter f\u00fcr das Mieten eines Bootes?<span class=\"toggle_icon\">        <span class=\"vert_icon\"><\/span><span class=\"hor_icon\"><\/span><\/span><\/p>        <div id=\"toggle-id-2-container\" class=\"toggle_wrap \" >            <div class=\"toggle_content invers-color\"  itemprop=\"text\" ><p>Wir empfehlen, dass der Haupt-Mieter mindestens 21 Jahre alt sein sollte.<\/p>\n            <\/div>        <\/div>    <\/div><\/section>\n<section class=\"av_toggle_section\"  itemscope=\"itemscope\" itemtype=\"https:\/\/schema.org\/CreativeWork\" >    <div class=\"single_toggle\" data-tags=\"{Alle} \" >        <p data-fake-id=\"#toggle-id-3\" class=\"toggler \"  itemprop=\"headline\" >Was beinhalten die Mietkosten?<span class=\"toggle_icon\">        <span class=\"vert_icon\"><\/span><span class=\"hor_icon\"><\/span><\/span><\/p>        <div id=\"toggle-id-3-container\" class=\"toggle_wrap \" >            <div class=\"toggle_content invers-color\"  itemprop=\"text\" ><p>Alle Kosten au\u00dfer Ihrem Treibstoffverbrauch und Extras wie Dinghi-Au\u00dfenborder, Fahrr\u00e4der, Fernseher etc. Eine Bootskaution ist vor Ort zu hinterlegen und wird zur\u00fcckgezahlt wenn das Boot unbesch\u00e4digt zur\u00fcckgegeben wird. Die H\u00f6he die Kaution variiert zwischen den Bootsklassen.<\/p>\n<p>Bettw\u00e4sche, Handt\u00fccher, K\u00fcchenausstattung inklusive Sp\u00fclmittel und Geschirrt\u00fccher werden ohne Mehrkosten gestellt.<br \/>\nDie Nutzung der meisten Marinas und Anlegestellen ist kostenfrei. Wogegen f\u00fcr Schleusen auf dem Shannon und dem Shannon-Erne-Waterway (SEW) je ein kleiner Kostenbetrag f\u00e4llig wird \u2013 sofern Sie \u00fcberhaupt soweit reisen. Die f\u00fcr die Schleusen auf dem SEW notwendige Smartcard (Einheitenkarte) kann z.B. beim Tourist Information Centre in Enniskillen oder an der ersten Schleuse erworben werden.<\/p>\n<p>Das Kapit\u00e4ns-Handbuch und Karten stehen auf allen Schiffen zur Verf\u00fcgung.<br \/>\nGleiches gilt f\u00fcr Rettungswesten und weiteren Sicherheitseinrichtungen. Kinder-Schwimmwesten sind verf\u00fcgbar, bitte fragen Sie bei der Ankunft nach diesen.<\/p>\n<p>Die f\u00fcr die Schleusen auf dem SEW notwendige Smartcard (Einheitenkarte) kann z.B. bei uns oder beim Tourist Information Centre in Enniskillen oder an der ersten Schleuse erworben werden.<\/p>\n            <\/div>        <\/div>    <\/div><\/section>\n<section class=\"av_toggle_section\"  itemscope=\"itemscope\" itemtype=\"https:\/\/schema.org\/CreativeWork\" >    <div class=\"single_toggle\" data-tags=\"{Alle} \" >        <p data-fake-id=\"#toggle-id-4\" class=\"toggler \"  itemprop=\"headline\" >Mit welchen Kosten muss ich f\u00fcr Kraftstoffverbrauch rechnen?<span class=\"toggle_icon\">        <span class=\"vert_icon\"><\/span><span class=\"hor_icon\"><\/span><\/span><\/p>        <div id=\"toggle-id-4-container\" class=\"toggle_wrap \" >            <div class=\"toggle_content invers-color\"  itemprop=\"text\" ><p>Dies h\u00e4ngt davon ab, wie weit und wie schnell Sie fahren. Im Durchschnitt verbrauchen die meisten unserer Boote 5 Liter Diesel pro Stunde. Typische Treibstoffrechnungen f\u00fcr eine Woche Bootsferien sind ca. \u00a3 100.<\/p>\n            <\/div>        <\/div>    <\/div><\/section>\n<section class=\"av_toggle_section\"  itemscope=\"itemscope\" itemtype=\"https:\/\/schema.org\/CreativeWork\" >    <div class=\"single_toggle\" data-tags=\"{Alle} \" >        <p data-fake-id=\"#toggle-id-5\" class=\"toggler \"  itemprop=\"headline\" >Ankunfts- und Abreisezeiten<span class=\"toggle_icon\">        <span class=\"vert_icon\"><\/span><span class=\"hor_icon\"><\/span><\/span><\/p>        <div id=\"toggle-id-5-container\" class=\"toggle_wrap \" >            <div class=\"toggle_content invers-color\"  itemprop=\"text\" ><p>Das Boot steht Ihnen ab 16 Uhr am Tag der Ankunft zur Verf\u00fcgung und muss bis 9 Uhr am Tag der Abreise ger\u00e4umt werden. Fr\u00fchere Anreisen sind m\u00f6glich, bitte kontaktieren Sie uns im Vorfeld.<\/p>\n            <\/div>        <\/div>    <\/div><\/section>\n<section class=\"av_toggle_section\"  itemscope=\"itemscope\" itemtype=\"https:\/\/schema.org\/CreativeWork\" >    <div class=\"single_toggle\" data-tags=\"{Alle} \" >        <p data-fake-id=\"#toggle-id-6\" class=\"toggler \"  itemprop=\"headline\" >Kann ich bereits heute meinen Urlaub vorausplanen?<span class=\"toggle_icon\">        <span class=\"vert_icon\"><\/span><span class=\"hor_icon\"><\/span><\/span><\/p>        <div id=\"toggle-id-6-container\" class=\"toggle_wrap \" >            <div class=\"toggle_content invers-color\"  itemprop=\"text\" ><p>Ja, klicken Sie hier f\u00fcr Ihre Kopie der <strong><a href=\"https:\/\/www.abcboats.com\/dev\/wp-content\/uploads\/2016\/11\/ErneWaterwayChart.pdf\" target=\"_blank\" rel=\"noopener\">Erne-Navigationskarten.<\/a><\/strong><\/p>\n            <\/div>        <\/div>    <\/div><\/section>\n<section class=\"av_toggle_section\"  itemscope=\"itemscope\" itemtype=\"https:\/\/schema.org\/CreativeWork\" >    <div class=\"single_toggle\" data-tags=\"{Alle} \" >        <p data-fake-id=\"#toggle-id-7\" class=\"toggler \"  itemprop=\"headline\" >Wie sieht die K\u00fcchenausstattung aus?<span class=\"toggle_icon\">        <span class=\"vert_icon\"><\/span><span class=\"hor_icon\"><\/span><\/span><\/p>        <div id=\"toggle-id-7-container\" class=\"toggle_wrap \" >            <div class=\"toggle_content invers-color\"  itemprop=\"text\" ><p>Alle unsere Boote haben einen Herd, Grill und Backofen, sowie einen K\u00fchlschrank. Sie sollten alles an Bord finden, was Sie ben\u00f6tigen, angefangen bei T\u00f6pfen und Pfannen bis hin zum Geschirr und Besteck.<\/p>\n            <\/div>        <\/div>    <\/div><\/section>\n<section class=\"av_toggle_section\"  itemscope=\"itemscope\" itemtype=\"https:\/\/schema.org\/CreativeWork\" >    <div class=\"single_toggle\" data-tags=\"{Alle} \" >        <p data-fake-id=\"#toggle-id-8\" class=\"toggler \"  itemprop=\"headline\" >Strom<span class=\"toggle_icon\">        <span class=\"vert_icon\"><\/span><span class=\"hor_icon\"><\/span><\/span><\/p>        <div id=\"toggle-id-8-container\" class=\"toggle_wrap \" >            <div class=\"toggle_content invers-color\"  itemprop=\"text\" ><p>Alle unsere Boote sind mit einem 2kW-Inverter (reiner Sinus) ausgestattet und erlauben somit den Elektrobetrieb von Ger\u00e4ten mit bis zu 2000W Verbrauch. Zum Rasieren finden Sie zus\u00e4tzliche 220-Volt-Steckdosen an Bord, die Sie nur f\u00fcr diesen Zweck nutzen k\u00f6nnen.<br \/>\nAlle Boote haben auch einen 12-Volt-Zigarettenanz\u00fcnder. Diesen k\u00f6nnen Sie verwenden, um z.B. Handys, MP3-Player, Digitalkameras etc. zu laden. Bitte bringen Sie hierf\u00fcr den f\u00fcr Sie passenden 12-Volt-Zigarettenanz\u00fcnder-Adapter mit.<\/p>\n            <\/div>        <\/div>    <\/div><\/section>\n<section class=\"av_toggle_section\"  itemscope=\"itemscope\" itemtype=\"https:\/\/schema.org\/CreativeWork\" >    <div class=\"single_toggle\" data-tags=\"{Alle} \" >        <p data-fake-id=\"#toggle-id-9\" class=\"toggler \"  itemprop=\"headline\" >Radios &amp; TV<span class=\"toggle_icon\">        <span class=\"vert_icon\"><\/span><span class=\"hor_icon\"><\/span><\/span><\/p>        <div id=\"toggle-id-9-container\" class=\"toggle_wrap \" >            <div class=\"toggle_content invers-color\"  itemprop=\"text\" ><p>Alle Boote verf\u00fcgen \u00fcber ein Radio und CD-Player \u00e4hnlich Ihrer KFZ-Stereoanlage. Zum abspielen Ihrer MP3-Dateien bringen Sie bitte Ihren eigenen FM-Transmitter oder Aux-Kabel mit.<\/p>\n<p>Fernsehger\u00e4te k\u00f6nnen f\u00fcr einen Aufpreis gemietet werden. Bitte beachten Sie, dass der TV-Empfang auf dem Wasser nicht immer optimal funktioniert. An Bord der Inver Empress, Queen und Lady geh\u00f6rt ein TV mit DVD-Laufwerk zur Standardausstattung.<\/p>\n            <\/div>        <\/div>    <\/div><\/section>\n<section class=\"av_toggle_section\"  itemscope=\"itemscope\" itemtype=\"https:\/\/schema.org\/CreativeWork\" >    <div class=\"single_toggle\" data-tags=\"{Alle} \" >        <p data-fake-id=\"#toggle-id-10\" class=\"toggler \"  itemprop=\"headline\" > Wie buche ich?<span class=\"toggle_icon\">        <span class=\"vert_icon\"><\/span><span class=\"hor_icon\"><\/span><\/span><\/p>        <div id=\"toggle-id-10-container\" class=\"toggle_wrap \" >            <div class=\"toggle_content invers-color\"  itemprop=\"text\" ><p>Online-Buchungen sollten \u00fcber das Online-Buchungsformular get\u00e4tigt werden.<\/p>\n<p>Eine Anzahlung ist mit der Buchung f\u00e4llig, um die Reservierung verbindlich zu best\u00e4tigen. Der Restbetrag ist bei Ihrer Ankunft zu bezahlen.<\/p>\n<p>Die Mindestmietdauer betr\u00e4gt 7 N\u00e4chte, i.d.R. ab einen Samstag oder Mittwoch. Abweichende Reisebeginntage k\u00f6nnen bei Verf\u00fcgbarkeit vereinbart werden. Bitte kontaktieren Sie uns hierzu.<\/p>\n            <\/div>        <\/div>    <\/div><\/section>\n<section class=\"av_toggle_section\"  itemscope=\"itemscope\" itemtype=\"https:\/\/schema.org\/CreativeWork\" >    <div class=\"single_toggle\" data-tags=\"{Alle} \" >        <p data-fake-id=\"#toggle-id-11\" class=\"toggler \"  itemprop=\"headline\" >Wie komme ich vom Flughafen zur Marina?<span class=\"toggle_icon\">        <span class=\"vert_icon\"><\/span><span class=\"hor_icon\"><\/span><\/span><\/p>        <div id=\"toggle-id-11-container\" class=\"toggle_wrap \" >            <div class=\"toggle_content invers-color\"  itemprop=\"text\" ><p>Wir k\u00f6nnen Ihnen entweder Gruppentransfers oder private Transfers von jedem gr\u00f6\u00dferen Flughafen in Irland anbieten.<\/p>\n            <\/div>        <\/div>    <\/div><\/section>\n<section class=\"av_toggle_section\"  itemscope=\"itemscope\" itemtype=\"https:\/\/schema.org\/CreativeWork\" >    <div class=\"single_toggle\" data-tags=\"{Alle} \" >        <p data-fake-id=\"#toggle-id-12\" class=\"toggler \"  itemprop=\"headline\" >Gibt es Parkpl\u00e4tze an der Marina?<span class=\"toggle_icon\">        <span class=\"vert_icon\"><\/span><span class=\"hor_icon\"><\/span><\/span><\/p>        <div id=\"toggle-id-12-container\" class=\"toggle_wrap \" >            <div class=\"toggle_content invers-color\"  itemprop=\"text\" ><p>Ja, unbewachte Parkpl\u00e4tze stehen Ihnen kostenlos auf unserer Anlage zur Verf\u00fcgung.<\/p>\n            <\/div>        <\/div>    <\/div><\/section>\n<section class=\"av_toggle_section\"  itemscope=\"itemscope\" itemtype=\"https:\/\/schema.org\/CreativeWork\" >    <div class=\"single_toggle\" data-tags=\"{Alle} \" >        <p data-fake-id=\"#toggle-id-13\" class=\"toggler \"  itemprop=\"headline\" >Brauche ich eine Angellizenz?<span class=\"toggle_icon\">        <span class=\"vert_icon\"><\/span><span class=\"hor_icon\"><\/span><\/span><\/p>        <div id=\"toggle-id-13-container\" class=\"toggle_wrap \" >            <div class=\"toggle_content invers-color\"  itemprop=\"text\" ><p>Eine Angellizenz (Lizenz, nicht Fischereipr\u00fcfung) ist auf dem Erne f\u00fcr jeden Angler ab 16 Jahren notwendig und kann bei uns erworben werden. Bitte vermerken Sie dies auf Ihrem Buchungsformular inkl. Nennung der Namen, Adressen und Geburtsdaten aller angelnden Teilnehmer und die notwendigen Unterlagen stehen bei Ihrer Ankunft zu Ihrer Verf\u00fcgung.<\/p>\n            <\/div>        <\/div>    <\/div><\/section>\n<section class=\"av_toggle_section\"  itemscope=\"itemscope\" itemtype=\"https:\/\/schema.org\/CreativeWork\" >    <div class=\"single_toggle\" data-tags=\"{Alle} \" >        <p data-fake-id=\"#toggle-id-14\" class=\"toggler \"  itemprop=\"headline\" >Kann ich Essen und Getr\u00e4nke vorbestellen?<span class=\"toggle_icon\">        <span class=\"vert_icon\"><\/span><span class=\"hor_icon\"><\/span><\/span><\/p>        <div id=\"toggle-id-14-container\" class=\"toggle_wrap \" >            <div class=\"toggle_content invers-color\"  itemprop=\"text\" ><p>Ja gerne. Hierzu f\u00fcllen Sie bitte die <strong><a href=\"https:\/\/www.abcboats.com\/dev\/wp-content\/uploads\/2016\/11\/abcboats-grocery-list.doc\" target=\"_blank\" rel=\"noopener\">Einkaufsliste <\/a><\/strong>\u00a0aus und senden uns diese per E-Mail zur\u00fcck. Sie werden bei Ihrer Ankunft alles an Bord vorfinden.<\/p>\n            <\/div>        <\/div>    <\/div><\/section>\n<section class=\"av_toggle_section\"  itemscope=\"itemscope\" itemtype=\"https:\/\/schema.org\/CreativeWork\" >    <div class=\"single_toggle\" data-tags=\"{Alle} \" >        <p data-fake-id=\"#toggle-id-15\" class=\"toggler \"  itemprop=\"headline\" >Wo ist der n\u00e4chste Supermarkt und welche \u00d6ffnungszeiten hat dieser?<span class=\"toggle_icon\">        <span class=\"vert_icon\"><\/span><span class=\"hor_icon\"><\/span><\/span><\/p>        <div id=\"toggle-id-15-container\" class=\"toggle_wrap \" >            <div class=\"toggle_content invers-color\"  itemprop=\"text\" ><p>Der n\u00e4chste gro\u00dfe Supermarkt ist in Enniskillen, ca. 2 Stunden mit dem Boot oder 20 Minuten mit dem Auto entfernt. Er ist 24 Stunden ge\u00f6ffnet, au\u00dfer sonntags. An Sonntagen \u00f6ffnet der Supermarkt um 13 Uhr.<\/p>\n            <\/div>        <\/div>    <\/div><\/section>\n<section class=\"av_toggle_section\"  itemscope=\"itemscope\" itemtype=\"https:\/\/schema.org\/CreativeWork\" >    <div class=\"single_toggle\" data-tags=\"{Alle} \" >        <p data-fake-id=\"#toggle-id-16\" class=\"toggler \"  itemprop=\"headline\" >Was sollte ich mitbringen?<span class=\"toggle_icon\">        <span class=\"vert_icon\"><\/span><span class=\"hor_icon\"><\/span><\/span><\/p>        <div id=\"toggle-id-16-container\" class=\"toggle_wrap \" >            <div class=\"toggle_content invers-color\"  itemprop=\"text\" ><p>Sonnenschein bitte!<br \/>\nWir empfehlen richtige Bootschuhe mit Gummisohlen. Bitte tragen Sie keine High Heels an Bord.<br \/>\nSie sollten Ihre regentaugliche Kleidung, aber auch Ihre Sonnenbrille und Sonnencreme nicht vergessen. Koffer k\u00f6nnen Sie bei uns im Hafen einlagern.<\/p>\n            <\/div>        <\/div>    <\/div><\/section>\n<section class=\"av_toggle_section\"  itemscope=\"itemscope\" itemtype=\"https:\/\/schema.org\/CreativeWork\" >    <div class=\"single_toggle\" data-tags=\"{Alle} \" >        <p data-fake-id=\"#toggle-id-17\" class=\"toggler \"  itemprop=\"headline\" >Erreichbarkeit im Notfall?<span class=\"toggle_icon\">        <span class=\"vert_icon\"><\/span><span class=\"hor_icon\"><\/span><\/span><\/p>        <div id=\"toggle-id-17-container\" class=\"toggle_wrap \" >            <div class=\"toggle_content invers-color\"  itemprop=\"text\" ><p>Im Notfall sind wir 24 Stunden, 7 Tage die Woche erreichbar.<\/p>\n            <\/div>        <\/div>    <\/div><\/section>\n<section class=\"av_toggle_section\"  itemscope=\"itemscope\" itemtype=\"https:\/\/schema.org\/CreativeWork\" >    <div class=\"single_toggle\" data-tags=\"{Alle} \" >        <p data-fake-id=\"#toggle-id-18\" class=\"toggler \"  itemprop=\"headline\" >Wie viele Stunden muss ich t\u00e4glich fahren?<span class=\"toggle_icon\">        <span class=\"vert_icon\"><\/span><span class=\"hor_icon\"><\/span><\/span><\/p>        <div id=\"toggle-id-18-container\" class=\"toggle_wrap \" >            <div class=\"toggle_content invers-color\"  itemprop=\"text\" ><p>Es ist Ihr Urlaub \u2026 so weit wie Sie wollen. Wir empfehlen Ihnen, dass Sie den Motor f\u00fcr mindestens drei Stunden pro Tag laufen lassen, um die Bord-Batterien wieder voll aufzuladen und um das Brauchwasser zu erhitzen. Dies kann aber auch im Leerlauf z.B. in einer Marina erfolgen, wenn Sie mal einen Tag nicht auf den Wasserwegen kreuzen m\u00f6chten.<\/p>\n            <\/div>        <\/div>    <\/div><\/section>\n<section class=\"av_toggle_section\"  itemscope=\"itemscope\" itemtype=\"https:\/\/schema.org\/CreativeWork\" >    <div class=\"single_toggle\" data-tags=\"{Alle} \" >        <p data-fake-id=\"#toggle-id-19\" class=\"toggler \"  itemprop=\"headline\" >Wie lange ist die Kreuzer-Saison?<span class=\"toggle_icon\">        <span class=\"vert_icon\"><\/span><span class=\"hor_icon\"><\/span><\/span><\/p>        <div id=\"toggle-id-19-container\" class=\"toggle_wrap \" >            <div class=\"toggle_content invers-color\"  itemprop=\"text\" ><p>Grunds\u00e4tzlich von M\u00e4rz bis Oktober, aber bitte kontaktieren Sie uns f\u00fcr Termine au\u00dferhalb dieser Saison-Periode.<\/p>\n            <\/div>        <\/div>    <\/div><\/section>\n<section class=\"av_toggle_section\"  itemscope=\"itemscope\" itemtype=\"https:\/\/schema.org\/CreativeWork\" >    <div class=\"single_toggle\" data-tags=\"{Alle} \" >        <p data-fake-id=\"#toggle-id-20\" class=\"toggler \"  itemprop=\"headline\" >Ich habe eine andere Frage!<span class=\"toggle_icon\">        <span class=\"vert_icon\"><\/span><span class=\"hor_icon\"><\/span><\/span><\/p>        <div id=\"toggle-id-20-container\" class=\"toggle_wrap \" >            <div class=\"toggle_content invers-color\"  itemprop=\"text\" ><p>Kein Problem! Senden Sie uns einfach eine <a href=\"mailto:info@abcboats.com?subject=I%20have%20a%20question...\">e-Mail<\/a> und wir werden alles versuchen, um Ihre Fragen zu beantworten.<\/p>\n            <\/div>        <\/div>    <\/div><\/section>\n<\/div>\n<\/div><\/div><\/div><!-- close content main div --><\/div><\/div><div id='after_section_2' class='main_color av_default_container_wrap container_wrap sidebar_right'   ><div class='container' ><div class='template-page content  av-content-small alpha units'><div class='post-entry post-entry-type-page post-entry-1820'><div class='entry-content-wrapper clearfix'>\n","protected":false},"excerpt":{"rendered":"","protected":false},"author":2,"featured_media":0,"parent":0,"menu_order":0,"comment_status":"closed","ping_status":"closed","template":"","meta":{"_mi_skip_tracking":false,"_monsterinsights_sitenote_active":false,"_monsterinsights_sitenote_note":"","_monsterinsights_sitenote_category":0,"footnotes":""},"acf":[],"_links":{"self":[{"href":"https:\/\/www.abcboats.com\/dev\/de\/wp-json\/wp\/v2\/pages\/1820"}],"collection":[{"href":"https:\/\/www.abcboats.com\/dev\/de\/wp-json\/wp\/v2\/pages"}],"about":[{"href":"https:\/\/www.abcboats.com\/dev\/de\/wp-json\/wp\/v2\/types\/page"}],"author":[{"embeddable":true,"href":"https:\/\/www.abcboats.com\/dev\/de\/wp-json\/wp\/v2\/users\/2"}],"replies":[{"embeddable":true,"href":"https:\/\/www.abcboats.com\/dev\/de\/wp-json\/wp\/v2\/comments?post=1820"}],"version-history":[{"count":3,"href":"https:\/\/www.abcboats.com\/dev\/de\/wp-json\/wp\/v2\/pages\/1820\/revisions"}],"predecessor-version":[{"id":1823,"href":"https:\/\/www.abcboats.com\/dev\/de\/wp-json\/wp\/v2\/pages\/1820\/revisions\/1823"}],"wp:attachment":[{"href":"https:\/\/www.abcboats.com\/dev\/de\/wp-json\/wp\/v2\/media?parent=1820"}],"curies":[{"name":"wp","href":"https:\/\/api.w.org\/{rel}","templated":true}]}}